{"id":38,"date":"2025-09-28T15:25:01","date_gmt":"2025-09-28T13:25:01","guid":{"rendered":"https:\/\/investeco.com.pl\/?page_id=38"},"modified":"2025-10-10T20:31:52","modified_gmt":"2025-10-10T18:31:52","slug":"przetwarzanie-odpadow","status":"publish","type":"page","link":"https:\/\/investeco.com.pl\/?page_id=38","title":{"rendered":"Przetwarzanie odpad\u00f3w"},"content":{"rendered":"\t\t<div data-elementor-type=\"wp-page\" data-elementor-id=\"38\" class=\"elementor elementor-38\" data-elementor-post-type=\"page\">\n\t\t\t\t<div class=\"elementor-element elementor-element-36547387 e-flex e-con-boxed e-con e-parent\" data-id=\"36547387\" data-element_type=\"container\" data-e-type=\"container\">\n\t\t\t\t\t<div class=\"e-con-inner\">\n\t\t\t\t<div class=\"elementor-element elementor-element-321e1978 elementor-widget elementor-widget-text-editor\" data-id=\"321e1978\" data-element_type=\"widget\" data-e-type=\"widget\" data-widget_type=\"text-editor.default\">\n\t\t\t\t\t\t\t\t\t<h3 class=\"wp-block-heading\"><strong>Przetwarzanie odpad\u00f3w \u2013 innowacyjne technologie i recykling<\/strong><\/h3>\n<p><!-- \/wp:heading --><!-- wp:paragraph --><\/p>\n<p>W <strong>Invest Eco<\/strong> stawiamy na nowoczesne technologie i ekologiczne rozwi\u0105zania. Nasza us\u0142uga <strong>przetwarzania odpad\u00f3w<\/strong> obejmuje kompleksowe dzia\u0142ania maj\u0105ce na celu odzysk surowc\u00f3w, neutralizacj\u0119 substancji niebezpiecznych oraz przygotowanie odpad\u00f3w do dalszego recyklingu lub unieszkodliwienia.<\/p>\n<p><!-- \/wp:paragraph --><!-- wp:paragraph --><\/p>\n<p>Wykorzystujemy zar\u00f3wno stacjonarne, jak i mobilne instalacje, kt\u00f3re pozwalaj\u0105 nam realizowa\u0107 procesy przetwarzania bezpo\u015brednio w miejscu powstawania odpad\u00f3w \u2013 np. przy odwiertach wiertniczych czy w zak\u0142adach przemys\u0142owych.<\/p>\n<p><!-- \/wp:paragraph --><!-- wp:heading {\"level\":5} --><\/p>\n<h5>\u00a0<\/h5>\n<h3 class=\"wp-block-heading\"><strong>Nasze technologie obejmuj\u0105:<\/strong><\/h3>\n<p><!-- \/wp:heading --><!-- wp:list --><\/p>\n<ul class=\"wp-block-list\">\n<li style=\"list-style-type: none;\">\n<ul class=\"wp-block-list\"><!-- wp:list-item --><\/ul>\n<\/li>\n<\/ul>\n<ul class=\"wp-block-list\">\n<li>Separacj\u0119 p\u0142yn\u00f3w od frakcji sta\u0142ych.<\/li>\n<\/ul>\n<p><!-- \/wp:list-item --><!-- wp:list-item --><\/p>\n<ul class=\"wp-block-list\">\n<li>Oczyszczanie i odzysk wody technologicznej.<\/li>\n<\/ul>\n<p><!-- \/wp:list-item --><!-- wp:list-item --><\/p>\n<ul class=\"wp-block-list\">\n<li>Neutralizacj\u0119 odpad\u00f3w chemicznych i niebezpiecznych.<\/li>\n<\/ul>\n<p><!-- \/wp:list-item --><!-- wp:list-item --><\/p>\n<ul class=\"wp-block-list\">\n<li>Przygotowanie do recyklingu, odzysk surowc\u00f3w wt\u00f3rnych.<\/li>\n<\/ul>\n<p><!-- \/wp:list-item --><\/p>\n<p><!-- \/wp:list --><!-- wp:paragraph --><\/p>\n<p>\u00a0<\/p>\n<p>Dzi\u0119ki nowoczesnym metodom <strong>przetwarzania odpad\u00f3w<\/strong> nasi klienci zyskuj\u0105 nie tylko oszcz\u0119dno\u015bci kosztowe, ale r\u00f3wnie\u017c realny wk\u0142ad w ochron\u0119 \u015brodowiska.<\/p>\n<p><!-- \/wp:paragraph --><\/p>\t\t\t\t\t\t\t\t<\/div>\n\t\t\t\t\t<\/div>\n\t\t\t\t<\/div>\n\t\t\t\t<\/div>\n\t\t","protected":false},"excerpt":{"rendered":"<p>Przetwarzanie odpad\u00f3w \u2013 innowacyjne technologie i recykling W Invest Eco stawiamy na nowoczesne technologie i ekologiczne rozwi\u0105zania. Nasza us\u0142uga przetwarzania odpad\u00f3w obejmuje kompleksowe dzia\u0142ania maj\u0105ce na celu odzysk surowc\u00f3w, neutralizacj\u0119 substancji niebezpiecznych oraz przygotowanie odpad\u00f3w do dalszego recyklingu lub unieszkodliwienia. Wykorzystujemy zar\u00f3wno stacjonarne, jak i mobilne instalacje, kt\u00f3re pozwalaj\u0105 nam realizowa\u0107 procesy przetwarzania bezpo\u015brednio w [&hellip;]<\/p>\n","protected":false},"author":1,"featured_media":0,"parent":27,"menu_order":0,"comment_status":"closed","ping_status":"closed","template":"","meta":{"footnotes":""},"class_list":["post-38","page","type-page","status-publish","hentry"],"_links":{"self":[{"href":"https:\/\/investeco.com.pl\/index.php?rest_route=\/wp\/v2\/pages\/38","targetHints":{"allow":["GET"]}}],"collection":[{"href":"https:\/\/investeco.com.pl\/index.php?rest_route=\/wp\/v2\/pages"}],"about":[{"href":"https:\/\/investeco.com.pl\/index.php?rest_route=\/wp\/v2\/types\/page"}],"author":[{"embeddable":true,"href":"https:\/\/investeco.com.pl\/index.php?rest_route=\/wp\/v2\/users\/1"}],"replies":[{"embeddable":true,"href":"https:\/\/investeco.com.pl\/index.php?rest_route=%2Fwp%2Fv2%2Fcomments&post=38"}],"version-history":[{"count":15,"href":"https:\/\/investeco.com.pl\/index.php?rest_route=\/wp\/v2\/pages\/38\/revisions"}],"predecessor-version":[{"id":395,"href":"https:\/\/investeco.com.pl\/index.php?rest_route=\/wp\/v2\/pages\/38\/revisions\/395"}],"up":[{"embeddable":true,"href":"https:\/\/investeco.com.pl\/index.php?rest_route=\/wp\/v2\/pages\/27"}],"wp:attachment":[{"href":"https:\/\/investeco.com.pl\/index.php?rest_route=%2Fwp%2Fv2%2Fmedia&parent=38"}],"curies":[{"name":"wp","href":"https:\/\/api.w.org\/{rel}","templated":true}]}}