{"id":28,"date":"2025-09-28T15:23:43","date_gmt":"2025-09-28T13:23:43","guid":{"rendered":"https:\/\/investeco.com.pl\/?page_id=28"},"modified":"2025-10-10T20:30:13","modified_gmt":"2025-10-10T18:30:13","slug":"klienci","status":"publish","type":"page","link":"https:\/\/investeco.com.pl\/?page_id=28","title":{"rendered":"Klienci"},"content":{"rendered":"\t\t<div data-elementor-type=\"wp-page\" data-elementor-id=\"28\" class=\"elementor elementor-28\" data-elementor-post-type=\"page\">\n\t\t\t\t<div class=\"elementor-element elementor-element-55aca5e0 e-flex e-con-boxed e-con e-parent\" data-id=\"55aca5e0\" data-element_type=\"container\" data-e-type=\"container\">\n\t\t\t\t\t<div class=\"e-con-inner\">\n\t\t\t\t<div class=\"elementor-element elementor-element-5f3408ef elementor-widget elementor-widget-text-editor\" data-id=\"5f3408ef\" data-element_type=\"widget\" data-e-type=\"widget\" data-widget_type=\"text-editor.default\">\n\t\t\t\t\t\t\t\t\t<p>Wsp\u00f3\u0142praca z wymagaj\u0105cymi partnerami to najlepsza wizyt\u00f3wka jako\u015bci naszych us\u0142ug. To nasi klienci \u2014 przedsi\u0119biorstwa z sektor\u00f3w wydobywczego, chemicznego, energetycznego, budowlanego i infrastrukturalnego \u2014 potwierdzaj\u0105, \u017ce <strong>Invest Eco<\/strong> dzia\u0142a skutecznie, terminowo i z pe\u0142nym poszanowaniem \u015brodowiska.<\/p>\n<p><!-- \/wp:paragraph --><!-- wp:heading {\"level\":4} --><\/p>\n<h4 class=\"wp-block-heading\">\u00a0<\/h4>\n<h4 class=\"wp-block-heading\">Bran\u017ce, kt\u00f3re nam zaufa\u0142y<\/h4>\n<p><!-- \/wp:heading --><!-- wp:paragraph --><\/p>\n<p>Obs\u0142ugujemy klient\u00f3w z wielu bran\u017c, m.in.:<\/p>\n<p><!-- \/wp:paragraph --><!-- wp:list --><\/p>\n<ul class=\"wp-block-list\">\n<li style=\"list-style-type: none;\">\n<ul class=\"wp-block-list\"><!-- wp:list-item --><\/ul>\n<\/li>\n<\/ul>\n<ul class=\"wp-block-list\">\n<li><strong>Bran\u017ca wydobywcza i naftowo-gazowa<\/strong> \u2013 obs\u0142uga odwiert\u00f3w, gospodarka p\u0142uczk\u0105, utylizacja odpad\u00f3w wiertniczych.<\/li>\n<\/ul>\n<p><!-- \/wp:list-item --><!-- wp:list-item --><\/p>\n<ul class=\"wp-block-list\">\n<li><strong>Przemys\u0142 chemiczny i petrochemiczny<\/strong> \u2013 transport i unieszkodliwianie odpad\u00f3w ropopochodnych i chemicznych.<\/li>\n<\/ul>\n<p><!-- \/wp:list-item --><!-- wp:list-item --><\/p>\n<ul class=\"wp-block-list\">\n<li><strong>Sektor energetyczny<\/strong> \u2013 utylizacja substancji p\u0142ynnych, zagospodarowanie odpad\u00f3w procesowych.<\/li>\n<\/ul>\n<p><!-- \/wp:list-item --><!-- wp:list-item --><\/p>\n<ul class=\"wp-block-list\">\n<li><strong>Budownictwo i infrastruktura<\/strong> \u2013 odpady p\u0142ynne z plac\u00f3w bud\u00f3w, materia\u0142y przemys\u0142owe.<\/li>\n<\/ul>\n<p><!-- \/wp:list-item --><!-- wp:list-item --><\/p>\n<ul class=\"wp-block-list\">\n<li><strong>Sektor publiczny i samorz\u0105dowy<\/strong> \u2013 wsp\u00f3\u0142praca przy projektach z zakresu gospodarki odpadami.<\/li>\n<\/ul>\n<p><!-- \/wp:list-item --><\/p>\n<p><!-- \/wp:list --><!-- wp:heading {\"level\":4} --><\/p>\n<h4 class=\"wp-block-heading\">\u00a0<\/h4>\n<h4 class=\"wp-block-heading\">Zaufanie lider\u00f3w rynku<\/h4>\n<p><!-- \/wp:heading --><!-- wp:paragraph --><\/p>\n<p>Do naszych Klient\u00f3w nale\u017c\u0105 firmy o wysokich wymaganiach technologicznych, \u015brodowiskowych i jako\u015bciowych. W\u015br\u00f3d nich znajduj\u0105 si\u0119 przedsi\u0119biorstwa dzia\u0142aj\u0105ce dynamicznie na rynku wydobywczym i przemys\u0142owym.<\/p>\n<p><!-- \/wp:paragraph --><!-- wp:paragraph --><\/p>\n<p>Dzi\u0119ki partnerskiemu podej\u015bciu, transparentno\u015bci dzia\u0142a\u0144 i gwarancji bezpiecze\u0144stwa \u015brodowiskowego, zdobywamy zaufanie do d\u0142ugofalowej wsp\u00f3\u0142pracy.<\/p>\n<p><!-- \/wp:paragraph --><!-- wp:heading {\"level\":4} --><\/p>\n<h4 class=\"wp-block-heading\">\u00a0<\/h4>\n<h4 class=\"wp-block-heading\">Referencje i opinie klient\u00f3w<\/h4>\n<p><!-- \/wp:heading --><!-- wp:paragraph --><\/p>\n<p>\u201eWsp\u00f3\u0142praca z <strong>Invest Eco<\/strong> znacz\u0105co usprawni\u0142a nasze procesy logistyczne i zagospodarowanie odpad\u00f3w wiertniczych. Profesjonalizm, terminowo\u015b\u0107 oraz zgodno\u015b\u0107 z regulacjami \u015brodowiskowymi stanowi\u0105 realn\u0105 warto\u015b\u0107 dodan\u0105.\u201d<br \/><i>\u2014 Klient z bran\u017cy wydobywczej<\/i><\/p>\n<p><!-- \/wp:paragraph --><!-- wp:paragraph --><\/p>\n<p>\u201eDzi\u0119ki <strong>Invest Eco<\/strong> zyskali\u015bmy partnera, kt\u00f3ry potrafi obs\u0142ugiwa\u0107 skomplikowane odpady chemiczne i p\u0142ynne z zachowaniem maksymalnych standard\u00f3w bezpiecze\u0144stwa.\u201d<br \/><i>\u2014 Klient z sektora chemicznego<\/i><\/p>\n<p><!-- \/wp:paragraph --><!-- wp:heading {\"level\":4} --><\/p>\n<h4 class=\"wp-block-heading\">\u00a0<\/h4>\n<h4 class=\"wp-block-heading\">Dlaczego klienci wybieraj\u0105 Invest Eco<\/h4>\n<p><!-- \/wp:heading --><!-- wp:list --><\/p>\n<ul class=\"wp-block-list\">\n<li style=\"list-style-type: none;\">\n<ul class=\"wp-block-list\"><!-- wp:list-item --><\/ul>\n<\/li>\n<\/ul>\n<ul class=\"wp-block-list\">\n<li><strong>Kompleksowo\u015b\u0107<\/strong> \u2014 od odbioru, transportu, przez prze\u0142adunek i przetwarzanie, a\u017c po utylizacj\u0119.<\/li>\n<\/ul>\n<p><!-- \/wp:list-item --><!-- wp:list-item --><\/p>\n<ul class=\"wp-block-list\">\n<li><strong>Bezpiecze\u0144stwo prawne i \u015brodowiskowe<\/strong> \u2014 spe\u0142niamy najnowsze standardy i normy.<\/li>\n<\/ul>\n<p><!-- \/wp:list-item --><!-- wp:list-item --><\/p>\n<ul class=\"wp-block-list\">\n<li><strong>Infrastruktura i technologia<\/strong> \u2014 w\u0142asna flota ADR, punkty prze\u0142adunkowe, instalacje certyfikowane.<\/li>\n<\/ul>\n<p><!-- \/wp:list-item --><!-- wp:list-item --><\/p>\n<ul class=\"wp-block-list\">\n<li><strong>Elastyczno\u015b\u0107 i terminowo\u015b\u0107<\/strong> \u2014 dostosowujemy si\u0119 do potrzeb klienta, r\u00f3wnie\u017c w warunkach terenowych.<\/li>\n<\/ul>\n<p><!-- \/wp:list-item --><!-- wp:list-item --><\/p>\n<ul class=\"wp-block-list\">\n<li><strong>Transparentno\u015b\u0107 dzia\u0142a\u0144<\/strong> \u2014 pe\u0142na dokumentacja, raporty, audyty.<\/li>\n<\/ul>\n<p><!-- \/wp:list-item --><\/p>\n<p><!-- \/wp:list --><\/p>\t\t\t\t\t\t\t\t<\/div>\n\t\t\t\t\t<\/div>\n\t\t\t\t<\/div>\n\t\t\t\t<\/div>\n\t\t","protected":false},"excerpt":{"rendered":"<p>Wsp\u00f3\u0142praca z wymagaj\u0105cymi partnerami to najlepsza wizyt\u00f3wka jako\u015bci naszych us\u0142ug. To nasi klienci \u2014 przedsi\u0119biorstwa z sektor\u00f3w wydobywczego, chemicznego, energetycznego, budowlanego i infrastrukturalnego \u2014 potwierdzaj\u0105, \u017ce Invest Eco dzia\u0142a skutecznie, terminowo i z pe\u0142nym poszanowaniem \u015brodowiska. \u00a0 Bran\u017ce, kt\u00f3re nam zaufa\u0142y Obs\u0142ugujemy klient\u00f3w z wielu bran\u017c, m.in.: Bran\u017ca wydobywcza i naftowo-gazowa \u2013 obs\u0142uga odwiert\u00f3w, gospodarka [&hellip;]<\/p>\n","protected":false},"author":1,"featured_media":88,"parent":0,"menu_order":0,"comment_status":"closed","ping_status":"closed","template":"","meta":{"footnotes":""},"class_list":["post-28","page","type-page","status-publish","has-post-thumbnail","hentry"],"_links":{"self":[{"href":"https:\/\/investeco.com.pl\/index.php?rest_route=\/wp\/v2\/pages\/28","targetHints":{"allow":["GET"]}}],"collection":[{"href":"https:\/\/investeco.com.pl\/index.php?rest_route=\/wp\/v2\/pages"}],"about":[{"href":"https:\/\/investeco.com.pl\/index.php?rest_route=\/wp\/v2\/types\/page"}],"author":[{"embeddable":true,"href":"https:\/\/investeco.com.pl\/index.php?rest_route=\/wp\/v2\/users\/1"}],"replies":[{"embeddable":true,"href":"https:\/\/investeco.com.pl\/index.php?rest_route=%2Fwp%2Fv2%2Fcomments&post=28"}],"version-history":[{"count":34,"href":"https:\/\/investeco.com.pl\/index.php?rest_route=\/wp\/v2\/pages\/28\/revisions"}],"predecessor-version":[{"id":383,"href":"https:\/\/investeco.com.pl\/index.php?rest_route=\/wp\/v2\/pages\/28\/revisions\/383"}],"wp:featuredmedia":[{"embeddable":true,"href":"https:\/\/investeco.com.pl\/index.php?rest_route=\/wp\/v2\/media\/88"}],"wp:attachment":[{"href":"https:\/\/investeco.com.pl\/index.php?rest_route=%2Fwp%2Fv2%2Fmedia&parent=28"}],"curies":[{"name":"wp","href":"https:\/\/api.w.org\/{rel}","templated":true}]}}