{"id":27,"date":"2025-09-28T15:22:40","date_gmt":"2025-09-28T13:22:40","guid":{"rendered":"https:\/\/investeco.com.pl\/?page_id=27"},"modified":"2025-10-10T20:36:12","modified_gmt":"2025-10-10T18:36:12","slug":"oferta","status":"publish","type":"page","link":"https:\/\/investeco.com.pl\/?page_id=27","title":{"rendered":"Oferta"},"content":{"rendered":"\t\t<div data-elementor-type=\"wp-page\" data-elementor-id=\"27\" class=\"elementor elementor-27\" data-elementor-post-type=\"page\">\n\t\t\t\t<div class=\"elementor-element elementor-element-c920b94 e-flex e-con-boxed e-con e-parent\" data-id=\"c920b94\" data-element_type=\"container\" data-e-type=\"container\">\n\t\t\t\t\t<div class=\"e-con-inner\">\n\t\t\t\t<div class=\"elementor-element elementor-element-1c8d36d9 elementor-widget elementor-widget-text-editor\" data-id=\"1c8d36d9\" data-element_type=\"widget\" data-e-type=\"widget\" data-widget_type=\"text-editor.default\">\n\t\t\t\t\t\t\t\t\t<h3 class=\"wp-block-heading\"><strong>Kompleksowe us\u0142ugi w zakresie gospodarki odpadami<\/strong><\/h3>\n<p><!-- \/wp:heading --><!-- wp:paragraph --><\/p>\n<p><strong>Invest Eco Sp. z o.o.<\/strong> oferuje szeroki zakres us\u0142ug zwi\u0105zanych z gospodark\u0105 odpadami przemys\u0142owymi i wiertniczymi. Nasza oferta obejmuje wszystkie etapy obs\u0142ugi odpadu \u2013 od momentu jego powstania, a\u017c po bezpieczne unieszkodliwienie lub odzysk surowc\u00f3w.<\/p>\n<p><!-- \/wp:paragraph --><!-- wp:heading {\"level\":4} --><\/p>\n<h4 class=\"wp-block-heading\"><strong>\u00a0<\/strong><\/h4>\n<h3 class=\"wp-block-heading\"><strong>G\u0142\u00f3wne obszary us\u0142ug:<\/strong><\/h3>\n<p><!-- \/wp:heading --><!-- wp:list --><\/p>\n<ul class=\"wp-block-list\">\n<li style=\"list-style-type: none;\">\n<ul class=\"wp-block-list\"><!-- wp:list-item --><\/ul>\n<\/li>\n<\/ul>\n<ul class=\"wp-block-list\">\n<li><strong><a href=\"https:\/\/investeco.com.pl\/?page_id=29\" data-type=\"page\" data-id=\"29\">Transport odpad\u00f3w<\/a><\/strong> \u2013 przew\u00f3z odpad\u00f3w w systemie ADR, zar\u00f3wno p\u0142ynnych, jak i sta\u0142ych, z zachowaniem najwy\u017cszych standard\u00f3w bezpiecze\u0144stwa.<\/li>\n<\/ul>\n<p><!-- \/wp:list-item --><!-- wp:list-item --><\/p>\n<ul class=\"wp-block-list\">\n<li><strong><a href=\"https:\/\/investeco.com.pl\/?page_id=36\" data-type=\"page\" data-id=\"36\">Odbi\u00f3r odpad\u00f3w<\/a><\/strong> \u2013 szybki i elastyczny odbi\u00f3r odpad\u00f3w przemys\u0142owych, w tym p\u0142uczki wiertniczej, odpad\u00f3w ropopochodnych i niebezpiecznych.<\/li>\n<\/ul>\n<p><!-- \/wp:list-item --><!-- wp:list-item --><\/p>\n<ul class=\"wp-block-list\">\n<li><strong><a href=\"https:\/\/investeco.com.pl\/?page_id=37\" data-type=\"page\" data-id=\"37\">Prze\u0142adunek odpad\u00f3w<\/a><\/strong> \u2013 profesjonalna infrastruktura prze\u0142adunkowa umo\u017cliwiaj\u0105ca optymalizacj\u0119 logistyki i dalsze zagospodarowanie odpad\u00f3w.<\/li>\n<\/ul>\n<p><!-- \/wp:list-item --><!-- wp:list-item --><\/p>\n<ul class=\"wp-block-list\">\n<li><strong><a href=\"https:\/\/investeco.com.pl\/?page_id=38\" data-type=\"page\" data-id=\"38\">Przetwarzanie odpad\u00f3w<\/a><\/strong> \u2013 nowoczesne metody separacji, odzysku surowc\u00f3w i neutralizacji substancji niebezpiecznych.<\/li>\n<\/ul>\n<p><!-- \/wp:list-item --><!-- wp:list-item --><\/p>\n<ul class=\"wp-block-list\">\n<li><strong><a href=\"https:\/\/investeco.com.pl\/?page_id=39\" data-type=\"page\" data-id=\"39\">Utylizacja p\u0142uczki wiertniczej<\/a><\/strong> \u2013 specjalistyczne procesy redukcji obj\u0119to\u015bci, odzysku wody technologicznej i bezpiecznego unieszkodliwiania.<\/li>\n<\/ul>\n<p><!-- \/wp:list-item --><!-- wp:list-item --><\/p>\n<ul class=\"wp-block-list\">\n<li><strong><a href=\"https:\/\/investeco.com.pl\/?page_id=44\" data-type=\"page\" data-id=\"44\">Utylizacja odpad\u00f3w ropopochodnych<\/a><\/strong> \u2013 zagospodarowanie olej\u00f3w, szlam\u00f3w i innych odpad\u00f3w petrochemicznych.<\/li>\n<\/ul>\n<p><!-- \/wp:list-item --><!-- wp:list-item --><\/p>\n<ul class=\"wp-block-list\">\n<li><strong><a href=\"https:\/\/investeco.com.pl\/?page_id=45\" data-type=\"page\" data-id=\"45\">Utylizacja odpad\u00f3w p\u0142ynnych<\/a><\/strong> \u2013 bezpieczne i zgodne z prawem unieszkodliwianie odpad\u00f3w ciek\u0142ych pochodz\u0105cych z r\u00f3\u017cnych ga\u0142\u0119zi przemys\u0142u.<\/li>\n<\/ul>\n<p><!-- \/wp:list-item --><\/p>\n<p><!-- \/wp:list --><!-- wp:paragraph --><\/p>\n<p>\u00a0<\/p>\n<p>Dzi\u0119ki naszym us\u0142ugom klienci mog\u0105 mie\u0107 pewno\u015b\u0107, \u017ce gospodarka odpadami w ich przedsi\u0119biorstwie prowadzona jest w spos\u00f3b <strong>zgodny z przepisami prawa, ekologiczny i ekonomicznie efektywny<\/strong>.<\/p>\n<p><!-- \/wp:paragraph --><\/p>\t\t\t\t\t\t\t\t<\/div>\n\t\t\t\t\t<\/div>\n\t\t\t\t<\/div>\n\t\t\t\t<\/div>\n\t\t","protected":false},"excerpt":{"rendered":"<p>Kompleksowe us\u0142ugi w zakresie gospodarki odpadami Invest Eco Sp. z o.o. oferuje szeroki zakres us\u0142ug zwi\u0105zanych z gospodark\u0105 odpadami przemys\u0142owymi i wiertniczymi. Nasza oferta obejmuje wszystkie etapy obs\u0142ugi odpadu \u2013 od momentu jego powstania, a\u017c po bezpieczne unieszkodliwienie lub odzysk surowc\u00f3w. \u00a0 G\u0142\u00f3wne obszary us\u0142ug: Transport odpad\u00f3w \u2013 przew\u00f3z odpad\u00f3w w systemie ADR, zar\u00f3wno p\u0142ynnych, [&hellip;]<\/p>\n","protected":false},"author":1,"featured_media":89,"parent":0,"menu_order":0,"comment_status":"closed","ping_status":"closed","template":"","meta":{"footnotes":""},"class_list":["post-27","page","type-page","status-publish","has-post-thumbnail","hentry"],"_links":{"self":[{"href":"https:\/\/investeco.com.pl\/index.php?rest_route=\/wp\/v2\/pages\/27","targetHints":{"allow":["GET"]}}],"collection":[{"href":"https:\/\/investeco.com.pl\/index.php?rest_route=\/wp\/v2\/pages"}],"about":[{"href":"https:\/\/investeco.com.pl\/index.php?rest_route=\/wp\/v2\/types\/page"}],"author":[{"embeddable":true,"href":"https:\/\/investeco.com.pl\/index.php?rest_route=\/wp\/v2\/users\/1"}],"replies":[{"embeddable":true,"href":"https:\/\/investeco.com.pl\/index.php?rest_route=%2Fwp%2Fv2%2Fcomments&post=27"}],"version-history":[{"count":20,"href":"https:\/\/investeco.com.pl\/index.php?rest_route=\/wp\/v2\/pages\/27\/revisions"}],"predecessor-version":[{"id":407,"href":"https:\/\/investeco.com.pl\/index.php?rest_route=\/wp\/v2\/pages\/27\/revisions\/407"}],"wp:featuredmedia":[{"embeddable":true,"href":"https:\/\/investeco.com.pl\/index.php?rest_route=\/wp\/v2\/media\/89"}],"wp:attachment":[{"href":"https:\/\/investeco.com.pl\/index.php?rest_route=%2Fwp%2Fv2%2Fmedia&parent=27"}],"curies":[{"name":"wp","href":"https:\/\/api.w.org\/{rel}","templated":true}]}}