{"id":25,"date":"2025-09-28T15:22:27","date_gmt":"2025-09-28T13:22:27","guid":{"rendered":"https:\/\/investeco.com.pl\/?page_id=25"},"modified":"2025-10-10T20:30:41","modified_gmt":"2025-10-10T18:30:41","slug":"o-nas","status":"publish","type":"page","link":"https:\/\/investeco.com.pl\/?page_id=25","title":{"rendered":"O nas"},"content":{"rendered":"\t\t<div data-elementor-type=\"wp-page\" data-elementor-id=\"25\" class=\"elementor elementor-25\" data-elementor-post-type=\"page\">\n\t\t\t\t<div class=\"elementor-element elementor-element-74747292 e-flex e-con-boxed e-con e-parent\" data-id=\"74747292\" data-element_type=\"container\" data-e-type=\"container\">\n\t\t\t\t\t<div class=\"e-con-inner\">\n\t\t\t\t<div class=\"elementor-element elementor-element-fb6f900 elementor-widget elementor-widget-text-editor\" data-id=\"fb6f900\" data-element_type=\"widget\" data-e-type=\"widget\" data-widget_type=\"text-editor.default\">\n\t\t\t\t\t\t\t\t\t<h3 class=\"wp-block-heading\"><strong>Kim jeste\u015bmy?<\/strong><\/h3>\n<p><!-- \/wp:heading --><!-- wp:paragraph --><\/p>\n<p><strong>Invest Eco Sp. z o.o.<\/strong> to nowoczesna firma zajmuj\u0105ca si\u0119 <strong>kompleksow\u0105 obs\u0142ug\u0105 odpad\u00f3w przemys\u0142owych, wiertniczych i ropopochodnych<\/strong>. Naszym g\u0142\u00f3wnym celem jest dostarczanie klientom bezpiecznych, efektywnych i ekologicznych rozwi\u0105za\u0144 w zakresie gospodarki odpadami.<\/p>\n<p><!-- \/wp:paragraph --><!-- wp:paragraph --><\/p>\n<p>Od pocz\u0105tku dzia\u0142alno\u015bci stawiamy na <strong>innowacje, odpowiedzialno\u015b\u0107 \u015brodowiskow\u0105 oraz najwy\u017csze standardy jako\u015bci<\/strong>. Obs\u0142ugujemy zar\u00f3wno du\u017ce koncerny z bran\u017cy wydobywczej i energetycznej, jak i mniejsze podmioty, kt\u00f3re potrzebuj\u0105 profesjonalnego partnera w zakresie odbioru i utylizacji odpad\u00f3w.<\/p>\n<p><!-- \/wp:paragraph --><!-- wp:heading {\"level\":3} --><\/p>\n<h3 class=\"wp-block-heading\"><strong>\u00a0<\/strong><\/h3>\n<h3 class=\"wp-block-heading\"><strong>Nasza misja:<\/strong><\/h3>\n<p><!-- \/wp:heading --><!-- wp:paragraph --><\/p>\n<p>Chroni\u0107 \u015brodowisko i wspiera\u0107 rozw\u00f3j przemys\u0142u poprzez <strong>odpowiedzialne zarz\u0105dzanie odpadami<\/strong>.<\/p>\n<p><!-- \/wp:paragraph --><!-- wp:heading {\"level\":3} --><\/p>\n<h3 class=\"wp-block-heading\"><strong>\u00a0<\/strong><\/h3>\n<h3 class=\"wp-block-heading\"><strong>Nasza wizja:<\/strong><\/h3>\n<p><!-- \/wp:heading --><!-- wp:paragraph --><\/p>\n<p>By\u0107 liderem w bran\u017cy gospodarki odpadami przemys\u0142owymi w Europie \u015arodkowej, oferuj\u0105c klientom rozwi\u0105zania przyjazne \u015brodowisku, nowoczesne i zgodne z zasadami zr\u00f3wnowa\u017conego rozwoju.<\/p>\n<p><!-- \/wp:paragraph --><!-- wp:heading {\"level\":3} --><\/p>\n<h3 class=\"wp-block-heading\"><strong>\u00a0<\/strong><\/h3>\n<h3 class=\"wp-block-heading\"><strong>Dlaczego my?<\/strong><\/h3>\n<p><!-- \/wp:heading --><!-- wp:list --><\/p>\n<ul class=\"wp-block-list\">\n<li style=\"list-style-type: none;\">\n<ul class=\"wp-block-list\"><!-- wp:list-item --><\/ul>\n<\/li>\n<\/ul>\n<ul class=\"wp-block-list\">\n<li>Wieloletnie do\u015bwiadczenie w obs\u0142udze odpad\u00f3w wiertniczych i przemys\u0142owych.<\/li>\n<\/ul>\n<p><!-- \/wp:list-item --><!-- wp:list-item --><\/p>\n<ul class=\"wp-block-list\">\n<li>Certyfikaty ISO i ADR gwarantuj\u0105ce najwy\u017csz\u0105 jako\u015b\u0107 i bezpiecze\u0144stwo us\u0142ug.<\/li>\n<\/ul>\n<p><!-- \/wp:list-item --><!-- wp:list-item --><\/p>\n<ul class=\"wp-block-list\">\n<li>Wykwalifikowany zesp\u00f3\u0142 in\u017cynier\u00f3w, kierowc\u00f3w i specjalist\u00f3w ds. ochrony \u015brodowiska.<\/li>\n<\/ul>\n<p><!-- \/wp:list-item --><!-- wp:list-item --><\/p>\n<ul class=\"wp-block-list\">\n<li>Ci\u0105g\u0142y rozw\u00f3j technologiczny i inwestycje w innowacyjne rozwi\u0105zania.<\/li>\n<\/ul>\n<p><!-- \/wp:list-item --><\/p>\n<p><!-- \/wp:list --><!-- wp:paragraph --><\/p>\n<p>\u00a0<\/p>\n<p>W<strong> Invest Eco <\/strong>wierzymy, \u017ce skuteczna gospodarka odpadami to klucz do odpowiedzialnego i nowoczesnego przemys\u0142u.<\/p>\n<p><!-- \/wp:paragraph --><!-- wp:paragraph --><\/p>\n<p><!-- \/wp:paragraph --><\/p>\t\t\t\t\t\t\t\t<\/div>\n\t\t\t\t\t<\/div>\n\t\t\t\t<\/div>\n\t\t\t\t<\/div>\n\t\t","protected":false},"excerpt":{"rendered":"<p>Kim jeste\u015bmy? Invest Eco Sp. z o.o. to nowoczesna firma zajmuj\u0105ca si\u0119 kompleksow\u0105 obs\u0142ug\u0105 odpad\u00f3w przemys\u0142owych, wiertniczych i ropopochodnych. Naszym g\u0142\u00f3wnym celem jest dostarczanie klientom bezpiecznych, efektywnych i ekologicznych rozwi\u0105za\u0144 w zakresie gospodarki odpadami. Od pocz\u0105tku dzia\u0142alno\u015bci stawiamy na innowacje, odpowiedzialno\u015b\u0107 \u015brodowiskow\u0105 oraz najwy\u017csze standardy jako\u015bci. Obs\u0142ugujemy zar\u00f3wno du\u017ce koncerny z bran\u017cy wydobywczej i energetycznej, [&hellip;]<\/p>\n","protected":false},"author":1,"featured_media":0,"parent":0,"menu_order":0,"comment_status":"closed","ping_status":"closed","template":"","meta":{"footnotes":""},"class_list":["post-25","page","type-page","status-publish","hentry"],"_links":{"self":[{"href":"https:\/\/investeco.com.pl\/index.php?rest_route=\/wp\/v2\/pages\/25","targetHints":{"allow":["GET"]}}],"collection":[{"href":"https:\/\/investeco.com.pl\/index.php?rest_route=\/wp\/v2\/pages"}],"about":[{"href":"https:\/\/investeco.com.pl\/index.php?rest_route=\/wp\/v2\/types\/page"}],"author":[{"embeddable":true,"href":"https:\/\/investeco.com.pl\/index.php?rest_route=\/wp\/v2\/users\/1"}],"replies":[{"embeddable":true,"href":"https:\/\/investeco.com.pl\/index.php?rest_route=%2Fwp%2Fv2%2Fcomments&post=25"}],"version-history":[{"count":15,"href":"https:\/\/investeco.com.pl\/index.php?rest_route=\/wp\/v2\/pages\/25\/revisions"}],"predecessor-version":[{"id":386,"href":"https:\/\/investeco.com.pl\/index.php?rest_route=\/wp\/v2\/pages\/25\/revisions\/386"}],"wp:attachment":[{"href":"https:\/\/investeco.com.pl\/index.php?rest_route=%2Fwp%2Fv2%2Fmedia&parent=25"}],"curies":[{"name":"wp","href":"https:\/\/api.w.org\/{rel}","templated":true}]}}